{"id":935,"date":"2018-08-14T21:00:20","date_gmt":"2018-08-14T21:00:20","guid":{"rendered":"https:\/\/botabota.ca\/faq\/"},"modified":"2020-06-17T15:26:50","modified_gmt":"2020-06-17T15:26:50","slug":"questions","status":"publish","type":"page","link":"https:\/\/botabota.ca\/en\/questions\/","title":{"rendered":"Frequently asked questions"},"content":{"rendered":"","protected":false},"excerpt":{"rendered":"","protected":false},"author":41,"featured_media":0,"parent":0,"menu_order":170,"comment_status":"closed","ping_status":"closed","template":"faq.php","meta":{"footnotes":""},"acf":[],"yoast_head":"<!-- This site is optimized with the Yoast SEO plugin v21.3 - https:\/\/yoast.com\/wordpress\/plugins\/seo\/ -->\n<title>Frequently Asked Questions | Spa Informations | Bota Bota, spa-sur-l&#039;eau<\/title>\n<meta name=\"description\" content=\"Nous r\u00e9pondons \u00e0 toutes vos questions lors de votre visite au Spa Bota Bota : Visite, Soins, R\u00e9servations, Groupe, Corporatif, etc.\" \/>\n<meta name=\"robots\" content=\"index, follow, max-snippet:-1, max-image-preview:large, max-video-preview:-1\" \/>\n<link rel=\"canonical\" href=\"https:\/\/botabota.ca\/en\/questions\/\" \/>\n<meta property=\"og:locale\" content=\"en_US\" \/>\n<meta property=\"og:type\" content=\"article\" \/>\n<meta property=\"og:title\" content=\"Frequently Asked Questions | Spa Informations | Bota Bota, spa-sur-l&#039;eau\" \/>\n<meta property=\"og:description\" content=\"Nous r\u00e9pondons \u00e0 toutes vos questions lors de votre visite au Spa Bota Bota : Visite, Soins, R\u00e9servations, Groupe, Corporatif, etc.\" \/>\n<meta property=\"og:url\" content=\"https:\/\/botabota.ca\/en\/questions\/\" \/>\n<meta property=\"og:site_name\" content=\"Bota Bota, spa-sur-l&#039;eau\" \/>\n<meta property=\"article:modified_time\" content=\"2020-06-17T15:26:50+00:00\" \/>\n<meta name=\"twitter:card\" content=\"summary_large_image\" \/>\n<script type=\"application\/ld+json\" class=\"yoast-schema-graph\">{\"@context\":\"https:\/\/schema.org\",\"@graph\":[{\"@type\":\"WebPage\",\"@id\":\"https:\/\/botabota.ca\/en\/questions\/\",\"url\":\"https:\/\/botabota.ca\/en\/questions\/\",\"name\":\"Frequently Asked Questions | Spa Informations | Bota Bota, spa-sur-l'eau\",\"isPartOf\":{\"@id\":\"https:\/\/botabota.ca\/#website\"},\"datePublished\":\"2018-08-14T21:00:20+00:00\",\"dateModified\":\"2020-06-17T15:26:50+00:00\",\"description\":\"Nous r\u00e9pondons \u00e0 toutes vos questions lors de votre visite au Spa Bota Bota : Visite, Soins, R\u00e9servations, Groupe, Corporatif, etc.\",\"breadcrumb\":{\"@id\":\"https:\/\/botabota.ca\/en\/questions\/#breadcrumb\"},\"inLanguage\":\"en-US\",\"potentialAction\":[{\"@type\":\"ReadAction\",\"target\":[\"https:\/\/botabota.ca\/en\/questions\/\"]}]},{\"@type\":\"BreadcrumbList\",\"@id\":\"https:\/\/botabota.ca\/en\/questions\/#breadcrumb\",\"itemListElement\":[{\"@type\":\"ListItem\",\"position\":1,\"name\":\"Home\",\"item\":\"https:\/\/botabota.ca\/en\/\"},{\"@type\":\"ListItem\",\"position\":2,\"name\":\"Frequently asked questions\"}]},{\"@type\":\"WebSite\",\"@id\":\"https:\/\/botabota.ca\/#website\",\"url\":\"https:\/\/botabota.ca\/\",\"name\":\"Bota Bota, spa-sur-l&#039;eau\",\"description\":\"Spa Nordique Vieux-Port\",\"publisher\":{\"@id\":\"https:\/\/botabota.ca\/#organization\"},\"potentialAction\":[{\"@type\":\"SearchAction\",\"target\":{\"@type\":\"EntryPoint\",\"urlTemplate\":\"https:\/\/botabota.ca\/?s={search_term_string}\"},\"query-input\":\"required name=search_term_string\"}],\"inLanguage\":\"en-US\"},{\"@type\":\"Organization\",\"@id\":\"https:\/\/botabota.ca\/#organization\",\"name\":\"Bota Bota\",\"url\":\"https:\/\/botabota.ca\/\",\"logo\":{\"@type\":\"ImageObject\",\"inLanguage\":\"en-US\",\"@id\":\"https:\/\/botabota.ca\/#\/schema\/logo\/image\/\",\"url\":\"https:\/\/botabota.ca\/wp-content\/uploads\/2018\/11\/Spa-bota-bota.png\",\"contentUrl\":\"https:\/\/botabota.ca\/wp-content\/uploads\/2018\/11\/Spa-bota-bota.png\",\"width\":250,\"height\":185,\"caption\":\"Bota Bota\"},\"image\":{\"@id\":\"https:\/\/botabota.ca\/#\/schema\/logo\/image\/\"}}]}<\/script>\n<!-- \/ Yoast SEO plugin. -->","yoast_head_json":{"title":"Frequently Asked Questions | Spa Informations | Bota Bota, spa-sur-l'eau","description":"Nous r\u00e9pondons \u00e0 toutes vos questions lors de votre visite au Spa Bota Bota : Visite, Soins, R\u00e9servations, Groupe, Corporatif, etc.","robots":{"index":"index","follow":"follow","max-snippet":"max-snippet:-1","max-image-preview":"max-image-preview:large","max-video-preview":"max-video-preview:-1"},"canonical":"https:\/\/botabota.ca\/en\/questions\/","og_locale":"en_US","og_type":"article","og_title":"Frequently Asked Questions | Spa Informations | Bota Bota, spa-sur-l'eau","og_description":"Nous r\u00e9pondons \u00e0 toutes vos questions lors de votre visite au Spa Bota Bota : Visite, Soins, R\u00e9servations, Groupe, Corporatif, etc.","og_url":"https:\/\/botabota.ca\/en\/questions\/","og_site_name":"Bota Bota, spa-sur-l&#039;eau","article_modified_time":"2020-06-17T15:26:50+00:00","twitter_card":"summary_large_image","schema":{"@context":"https:\/\/schema.org","@graph":[{"@type":"WebPage","@id":"https:\/\/botabota.ca\/en\/questions\/","url":"https:\/\/botabota.ca\/en\/questions\/","name":"Frequently Asked Questions | Spa Informations | Bota Bota, spa-sur-l'eau","isPartOf":{"@id":"https:\/\/botabota.ca\/#website"},"datePublished":"2018-08-14T21:00:20+00:00","dateModified":"2020-06-17T15:26:50+00:00","description":"Nous r\u00e9pondons \u00e0 toutes vos questions lors de votre visite au Spa Bota Bota : Visite, Soins, R\u00e9servations, Groupe, Corporatif, etc.","breadcrumb":{"@id":"https:\/\/botabota.ca\/en\/questions\/#breadcrumb"},"inLanguage":"en-US","potentialAction":[{"@type":"ReadAction","target":["https:\/\/botabota.ca\/en\/questions\/"]}]},{"@type":"BreadcrumbList","@id":"https:\/\/botabota.ca\/en\/questions\/#breadcrumb","itemListElement":[{"@type":"ListItem","position":1,"name":"Home","item":"https:\/\/botabota.ca\/en\/"},{"@type":"ListItem","position":2,"name":"Frequently asked questions"}]},{"@type":"WebSite","@id":"https:\/\/botabota.ca\/#website","url":"https:\/\/botabota.ca\/","name":"Bota Bota, spa-sur-l&#039;eau","description":"Spa Nordique Vieux-Port","publisher":{"@id":"https:\/\/botabota.ca\/#organization"},"potentialAction":[{"@type":"SearchAction","target":{"@type":"EntryPoint","urlTemplate":"https:\/\/botabota.ca\/?s={search_term_string}"},"query-input":"required name=search_term_string"}],"inLanguage":"en-US"},{"@type":"Organization","@id":"https:\/\/botabota.ca\/#organization","name":"Bota Bota","url":"https:\/\/botabota.ca\/","logo":{"@type":"ImageObject","inLanguage":"en-US","@id":"https:\/\/botabota.ca\/#\/schema\/logo\/image\/","url":"https:\/\/botabota.ca\/wp-content\/uploads\/2018\/11\/Spa-bota-bota.png","contentUrl":"https:\/\/botabota.ca\/wp-content\/uploads\/2018\/11\/Spa-bota-bota.png","width":250,"height":185,"caption":"Bota Bota"},"image":{"@id":"https:\/\/botabota.ca\/#\/schema\/logo\/image\/"}}]}},"_links":{"self":[{"href":"https:\/\/botabota.ca\/en\/wp-json\/wp\/v2\/pages\/935"}],"collection":[{"href":"https:\/\/botabota.ca\/en\/wp-json\/wp\/v2\/pages"}],"about":[{"href":"https:\/\/botabota.ca\/en\/wp-json\/wp\/v2\/types\/page"}],"author":[{"embeddable":true,"href":"https:\/\/botabota.ca\/en\/wp-json\/wp\/v2\/users\/41"}],"replies":[{"embeddable":true,"href":"https:\/\/botabota.ca\/en\/wp-json\/wp\/v2\/comments?post=935"}],"version-history":[{"count":6,"href":"https:\/\/botabota.ca\/en\/wp-json\/wp\/v2\/pages\/935\/revisions"}],"predecessor-version":[{"id":30392,"href":"https:\/\/botabota.ca\/en\/wp-json\/wp\/v2\/pages\/935\/revisions\/30392"}],"wp:attachment":[{"href":"https:\/\/botabota.ca\/en\/wp-json\/wp\/v2\/media?parent=935"}],"curies":[{"name":"wp","href":"https:\/\/api.w.org\/{rel}","templated":true}]}}