{"id":66382,"date":"2025-07-01T13:07:15","date_gmt":"2025-07-01T17:07:15","guid":{"rendered":"https:\/\/botabota.ca\/?page_id=66382"},"modified":"2025-07-11T16:05:27","modified_gmt":"2025-07-11T20:05:27","slug":"bota-bota-x-fierte-montreal-x-interligne","status":"publish","type":"page","link":"https:\/\/botabota.ca\/en\/bota-bota-x-fierte-montreal-x-interligne\/","title":{"rendered":"Bota Bota x Fiert\u00e9 Montr\u00e9al x Interligne"},"content":{"rendered":"<div class=\"wp-block-image is-style-rounded\">\n<figure class=\"aligncenter size-full is-resized\"><img decoding=\"async\" src=\"https:\/\/botabota.ca\/wp-content\/uploads\/2025\/05\/Banniere-site-web.jpg\" alt=\"\" class=\"wp-image-66432\" style=\"width:600px\" width=\"600\" srcset=\"https:\/\/botabota.ca\/wp-content\/uploads\/2025\/05\/Banniere-site-web.jpg 800w, https:\/\/botabota.ca\/wp-content\/uploads\/2025\/05\/Banniere-site-web-300x200.jpg 300w, https:\/\/botabota.ca\/wp-content\/uploads\/2025\/05\/Banniere-site-web-768x512.jpg 768w\" sizes=\"(max-width: 800px) 100vw, 800px\" \/><\/figure><\/div>\n\n\n<p class=\"has-text-align-center\">In celebration of <a href=\"https:\/\/fiertemontreal.com\/en\">Fiert\u00e9 Montr\u00e9al Festival<\/a>, we\u2019re thrilled to unveil an <strong>exclusive cocktail<\/strong> created especially for the occasion.<br>From August 1 to 10, join us for a meaningful moment of relaxation and enjoy a unique wellness experience at our spa.<\/p>\n\n\n\n<div class=\"wp-block-columns is-layout-flex wp-container-4 wp-block-columns-is-layout-flex\">\n<div class=\"wp-block-column is-layout-flow wp-block-column-is-layout-flow\">\n<div class=\"wp-block-cover aligncenter is-light has-small-font-size\" style=\"min-height:380px\"><span aria-hidden=\"true\" class=\"wp-block-cover__background has-background-dim-100 has-background-dim\" style=\"background-color:#e7e9f6\"><\/span><div class=\"wp-block-cover__inner-container is-layout-flow wp-block-cover-is-layout-flow\">\n<figure class=\"wp-block-image size-large is-resized\"><img decoding=\"async\" loading=\"lazy\" src=\"https:\/\/botabota.ca\/wp-content\/uploads\/2025\/06\/20250626-DSCF1065-683x1024.jpg\" alt=\"\" class=\"wp-image-67058\" style=\"width:390px;height:585px\" width=\"390\" height=\"585\" srcset=\"https:\/\/botabota.ca\/wp-content\/uploads\/2025\/06\/20250626-DSCF1065-683x1024.jpg 683w, https:\/\/botabota.ca\/wp-content\/uploads\/2025\/06\/20250626-DSCF1065-200x300.jpg 200w, https:\/\/botabota.ca\/wp-content\/uploads\/2025\/06\/20250626-DSCF1065-768x1152.jpg 768w, https:\/\/botabota.ca\/wp-content\/uploads\/2025\/06\/20250626-DSCF1065-1024x1536.jpg 1024w, https:\/\/botabota.ca\/wp-content\/uploads\/2025\/06\/20250626-DSCF1065-1365x2048.jpg 1365w, https:\/\/botabota.ca\/wp-content\/uploads\/2025\/06\/20250626-DSCF1065-scaled.jpg 1707w\" sizes=\"(max-width: 390px) 100vw, 390px\" \/><\/figure>\n<\/div><\/div>\n<\/div>\n\n\n\n<div class=\"wp-block-column is-vertically-aligned-center is-layout-flow wp-block-column-is-layout-flow\">\n<p class=\"has-text-align-center has-medium-font-size\"><strong>THE FESTIF<\/strong><\/p>\n\n\n\n<p class=\"has-text-align-center\" style=\"font-size:18px\">Romeo&#8217;s Gin<br>Blueberry juice<br>Orgeat syrup<br>Lime<br><em>And glitter!<\/em><\/p>\n\n\n\n<p class=\"has-text-align-center\"><strong>Non-alcoholic version available<\/strong><\/p>\n\n\n\n<div style=\"height:57px\" aria-hidden=\"true\" class=\"wp-block-spacer\"><\/div>\n\n\n\n<p class=\"has-text-align-center\" style=\"font-size:18px\"><strong>Cocktail available from August 1 to 10.<\/strong><br><br><strong>$5 per cocktail will be donated to<\/strong><\/p>\n\n\n<div class=\"wp-block-image\">\n<figure class=\"aligncenter size-thumbnail\"><a href=\"https:\/\/interligne.co\/en\/\"><img decoding=\"async\" loading=\"lazy\" width=\"150\" height=\"150\" src=\"https:\/\/botabota.ca\/wp-content\/uploads\/2025\/06\/logo_interligne_mauve-002-150x150.png\" alt=\"\" class=\"wp-image-67112\"\/><\/a><\/figure><\/div><\/div>\n<\/div>\n\n\n\n<p class=\"has-text-align-center\">From August 4 to 7 only :<\/p>\n\n\n\n<p class=\"has-text-align-center has-background\" style=\"background-color:#fbf6ed\">Enjoy a complimentary cocktail with the purchase of the package<br>by mentioning the code <strong>FIERTE20<\/strong><br>or<br>Get 15% off your access to the water circuit<br>by mentioning the code <strong>FIERTE15<\/strong>.<br><em>Reservations by phone at 514 284-0333.<\/em><\/p>\n\n\n\n<div class=\"wp-block-group is-layout-constrained wp-block-group-is-layout-constrained\"><div class=\"wp-block-group__inner-container\">\n<div class=\"wp-block-columns is-layout-flex wp-container-8 wp-block-columns-is-layout-flex\">\n<div class=\"wp-block-column is-layout-flow wp-block-column-is-layout-flow\">\n<p class=\"has-text-align-center has-background\" style=\"background-color:#f6e8e7\">Interligne is an LGBTQI+ organization that we proudly support and with whom we recently shared a wonderful <a href=\"https:\/\/botabota.ca\/en\/hublot\/volunteering-and-sustainable-development\/interligne-x-bota-bota\/\">volunteering<\/a> experience.<\/p>\n\n\n\n<figure class=\"wp-block-gallery has-nested-images columns-default is-cropped wp-block-gallery-5 is-layout-flex wp-block-gallery-is-layout-flex\">\n<figure class=\"wp-block-image size-large\"><img decoding=\"async\" loading=\"lazy\" width=\"683\" height=\"1024\" src=\"https:\/\/botabota.ca\/wp-content\/uploads\/2025\/06\/20250626-DSCF1058-683x1024.jpg\" alt=\"\" class=\"wp-image-67072\" srcset=\"https:\/\/botabota.ca\/wp-content\/uploads\/2025\/06\/20250626-DSCF1058-683x1024.jpg 683w, https:\/\/botabota.ca\/wp-content\/uploads\/2025\/06\/20250626-DSCF1058-200x300.jpg 200w, https:\/\/botabota.ca\/wp-content\/uploads\/2025\/06\/20250626-DSCF1058-768x1152.jpg 768w, https:\/\/botabota.ca\/wp-content\/uploads\/2025\/06\/20250626-DSCF1058-1024x1536.jpg 1024w, https:\/\/botabota.ca\/wp-content\/uploads\/2025\/06\/20250626-DSCF1058-1365x2048.jpg 1365w, https:\/\/botabota.ca\/wp-content\/uploads\/2025\/06\/20250626-DSCF1058-scaled.jpg 1707w\" sizes=\"(max-width: 683px) 100vw, 683px\" \/><\/figure>\n\n\n\n<figure class=\"wp-block-image size-large\"><img decoding=\"async\" loading=\"lazy\" width=\"683\" height=\"1024\" src=\"https:\/\/botabota.ca\/wp-content\/uploads\/2025\/06\/20250626-DSCF1061-683x1024.jpg\" alt=\"\" class=\"wp-image-67070\" srcset=\"https:\/\/botabota.ca\/wp-content\/uploads\/2025\/06\/20250626-DSCF1061-683x1024.jpg 683w, https:\/\/botabota.ca\/wp-content\/uploads\/2025\/06\/20250626-DSCF1061-200x300.jpg 200w, https:\/\/botabota.ca\/wp-content\/uploads\/2025\/06\/20250626-DSCF1061.jpg 753w\" sizes=\"(max-width: 683px) 100vw, 683px\" \/><\/figure>\n\n\n\n<figure class=\"wp-block-image size-large\"><img decoding=\"async\" loading=\"lazy\" width=\"683\" height=\"1024\" src=\"https:\/\/botabota.ca\/wp-content\/uploads\/2025\/06\/20250626-DSCF1124-683x1024.jpg\" alt=\"\" class=\"wp-image-67065\" srcset=\"https:\/\/botabota.ca\/wp-content\/uploads\/2025\/06\/20250626-DSCF1124-683x1024.jpg 683w, https:\/\/botabota.ca\/wp-content\/uploads\/2025\/06\/20250626-DSCF1124-200x300.jpg 200w, https:\/\/botabota.ca\/wp-content\/uploads\/2025\/06\/20250626-DSCF1124-768x1152.jpg 768w, https:\/\/botabota.ca\/wp-content\/uploads\/2025\/06\/20250626-DSCF1124-1024x1536.jpg 1024w, https:\/\/botabota.ca\/wp-content\/uploads\/2025\/06\/20250626-DSCF1124-1365x2048.jpg 1365w, https:\/\/botabota.ca\/wp-content\/uploads\/2025\/06\/20250626-DSCF1124-scaled.jpg 1707w\" sizes=\"(max-width: 683px) 100vw, 683px\" \/><\/figure>\n<\/figure>\n<\/div>\n<\/div>\n<\/div><\/div>\n","protected":false},"excerpt":{"rendered":"<p>In celebration of Fiert\u00e9 Montr\u00e9al Festival, we\u2019re thrilled to unveil an exclusive cocktail created especially for the occasion.From August 1 to 10, &#8230;<\/p>\n","protected":false},"author":43,"featured_media":0,"parent":0,"menu_order":26,"comment_status":"closed","ping_status":"closed","template":"single-promotion_cpt.php","meta":{"footnotes":""},"acf":[],"yoast_head":"<!-- This site is optimized with the Yoast SEO plugin v21.3 - https:\/\/yoast.com\/wordpress\/plugins\/seo\/ -->\n<title>Bota Bota x Fiert\u00e9 Montr\u00e9al x Interligne | Bota Bota, spa-sur-l&#039;eau<\/title>\n<meta name=\"robots\" content=\"index, follow, max-snippet:-1, max-image-preview:large, max-video-preview:-1\" \/>\n<link rel=\"canonical\" href=\"https:\/\/botabota.ca\/en\/bota-bota-x-fierte-montreal-x-interligne\/\" \/>\n<meta property=\"og:locale\" content=\"en_US\" \/>\n<meta property=\"og:type\" content=\"article\" \/>\n<meta property=\"og:title\" content=\"Bota Bota x Fiert\u00e9 Montr\u00e9al x Interligne | Bota Bota, spa-sur-l&#039;eau\" \/>\n<meta property=\"og:description\" content=\"In celebration of Fiert\u00e9 Montr\u00e9al Festival, we\u2019re thrilled to unveil an exclusive cocktail created especially for the occasion.From August 1 to 10, ...\" \/>\n<meta property=\"og:url\" content=\"https:\/\/botabota.ca\/en\/bota-bota-x-fierte-montreal-x-interligne\/\" \/>\n<meta property=\"og:site_name\" content=\"Bota Bota, spa-sur-l&#039;eau\" \/>\n<meta property=\"article:modified_time\" content=\"2025-07-11T20:05:27+00:00\" \/>\n<meta property=\"og:image\" content=\"https:\/\/botabota.ca\/wp-content\/uploads\/2025\/05\/Banniere-site-web.jpg\" \/>\n<meta name=\"twitter:card\" content=\"summary_large_image\" \/>\n<meta name=\"twitter:label1\" content=\"Est. reading time\" \/>\n\t<meta name=\"twitter:data1\" content=\"2 minutes\" \/>\n<script type=\"application\/ld+json\" class=\"yoast-schema-graph\">{\"@context\":\"https:\/\/schema.org\",\"@graph\":[{\"@type\":\"WebPage\",\"@id\":\"https:\/\/botabota.ca\/en\/bota-bota-x-fierte-montreal-x-interligne\/\",\"url\":\"https:\/\/botabota.ca\/en\/bota-bota-x-fierte-montreal-x-interligne\/\",\"name\":\"Bota Bota x Fiert\u00e9 Montr\u00e9al x Interligne | Bota Bota, spa-sur-l&#039;eau\",\"isPartOf\":{\"@id\":\"https:\/\/botabota.ca\/#website\"},\"datePublished\":\"2025-07-01T17:07:15+00:00\",\"dateModified\":\"2025-07-11T20:05:27+00:00\",\"breadcrumb\":{\"@id\":\"https:\/\/botabota.ca\/en\/bota-bota-x-fierte-montreal-x-interligne\/#breadcrumb\"},\"inLanguage\":\"en-US\",\"potentialAction\":[{\"@type\":\"ReadAction\",\"target\":[\"https:\/\/botabota.ca\/en\/bota-bota-x-fierte-montreal-x-interligne\/\"]}]},{\"@type\":\"BreadcrumbList\",\"@id\":\"https:\/\/botabota.ca\/en\/bota-bota-x-fierte-montreal-x-interligne\/#breadcrumb\",\"itemListElement\":[{\"@type\":\"ListItem\",\"position\":1,\"name\":\"Home\",\"item\":\"https:\/\/botabota.ca\/en\/\"},{\"@type\":\"ListItem\",\"position\":2,\"name\":\"Bota Bota x Fiert\u00e9 Montr\u00e9al x Interligne\"}]},{\"@type\":\"WebSite\",\"@id\":\"https:\/\/botabota.ca\/#website\",\"url\":\"https:\/\/botabota.ca\/\",\"name\":\"Bota Bota, spa-sur-l&#039;eau\",\"description\":\"Spa Nordique Vieux-Port\",\"publisher\":{\"@id\":\"https:\/\/botabota.ca\/#organization\"},\"potentialAction\":[{\"@type\":\"SearchAction\",\"target\":{\"@type\":\"EntryPoint\",\"urlTemplate\":\"https:\/\/botabota.ca\/?s={search_term_string}\"},\"query-input\":\"required name=search_term_string\"}],\"inLanguage\":\"en-US\"},{\"@type\":\"Organization\",\"@id\":\"https:\/\/botabota.ca\/#organization\",\"name\":\"Bota Bota\",\"url\":\"https:\/\/botabota.ca\/\",\"logo\":{\"@type\":\"ImageObject\",\"inLanguage\":\"en-US\",\"@id\":\"https:\/\/botabota.ca\/#\/schema\/logo\/image\/\",\"url\":\"https:\/\/botabota.ca\/wp-content\/uploads\/2018\/11\/Spa-bota-bota.png\",\"contentUrl\":\"https:\/\/botabota.ca\/wp-content\/uploads\/2018\/11\/Spa-bota-bota.png\",\"width\":250,\"height\":185,\"caption\":\"Bota Bota\"},\"image\":{\"@id\":\"https:\/\/botabota.ca\/#\/schema\/logo\/image\/\"}}]}<\/script>\n<!-- \/ Yoast SEO plugin. -->","yoast_head_json":{"title":"Bota Bota x Fiert\u00e9 Montr\u00e9al x Interligne | Bota Bota, spa-sur-l&#039;eau","robots":{"index":"index","follow":"follow","max-snippet":"max-snippet:-1","max-image-preview":"max-image-preview:large","max-video-preview":"max-video-preview:-1"},"canonical":"https:\/\/botabota.ca\/en\/bota-bota-x-fierte-montreal-x-interligne\/","og_locale":"en_US","og_type":"article","og_title":"Bota Bota x Fiert\u00e9 Montr\u00e9al x Interligne | Bota Bota, spa-sur-l&#039;eau","og_description":"In celebration of Fiert\u00e9 Montr\u00e9al Festival, we\u2019re thrilled to unveil an exclusive cocktail created especially for the occasion.From August 1 to 10, ...","og_url":"https:\/\/botabota.ca\/en\/bota-bota-x-fierte-montreal-x-interligne\/","og_site_name":"Bota Bota, spa-sur-l&#039;eau","article_modified_time":"2025-07-11T20:05:27+00:00","og_image":[{"url":"https:\/\/botabota.ca\/wp-content\/uploads\/2025\/05\/Banniere-site-web.jpg"}],"twitter_card":"summary_large_image","twitter_misc":{"Est. reading time":"2 minutes"},"schema":{"@context":"https:\/\/schema.org","@graph":[{"@type":"WebPage","@id":"https:\/\/botabota.ca\/en\/bota-bota-x-fierte-montreal-x-interligne\/","url":"https:\/\/botabota.ca\/en\/bota-bota-x-fierte-montreal-x-interligne\/","name":"Bota Bota x Fiert\u00e9 Montr\u00e9al x Interligne | Bota Bota, spa-sur-l&#039;eau","isPartOf":{"@id":"https:\/\/botabota.ca\/#website"},"datePublished":"2025-07-01T17:07:15+00:00","dateModified":"2025-07-11T20:05:27+00:00","breadcrumb":{"@id":"https:\/\/botabota.ca\/en\/bota-bota-x-fierte-montreal-x-interligne\/#breadcrumb"},"inLanguage":"en-US","potentialAction":[{"@type":"ReadAction","target":["https:\/\/botabota.ca\/en\/bota-bota-x-fierte-montreal-x-interligne\/"]}]},{"@type":"BreadcrumbList","@id":"https:\/\/botabota.ca\/en\/bota-bota-x-fierte-montreal-x-interligne\/#breadcrumb","itemListElement":[{"@type":"ListItem","position":1,"name":"Home","item":"https:\/\/botabota.ca\/en\/"},{"@type":"ListItem","position":2,"name":"Bota Bota x Fiert\u00e9 Montr\u00e9al x Interligne"}]},{"@type":"WebSite","@id":"https:\/\/botabota.ca\/#website","url":"https:\/\/botabota.ca\/","name":"Bota Bota, spa-sur-l&#039;eau","description":"Spa Nordique Vieux-Port","publisher":{"@id":"https:\/\/botabota.ca\/#organization"},"potentialAction":[{"@type":"SearchAction","target":{"@type":"EntryPoint","urlTemplate":"https:\/\/botabota.ca\/?s={search_term_string}"},"query-input":"required name=search_term_string"}],"inLanguage":"en-US"},{"@type":"Organization","@id":"https:\/\/botabota.ca\/#organization","name":"Bota Bota","url":"https:\/\/botabota.ca\/","logo":{"@type":"ImageObject","inLanguage":"en-US","@id":"https:\/\/botabota.ca\/#\/schema\/logo\/image\/","url":"https:\/\/botabota.ca\/wp-content\/uploads\/2018\/11\/Spa-bota-bota.png","contentUrl":"https:\/\/botabota.ca\/wp-content\/uploads\/2018\/11\/Spa-bota-bota.png","width":250,"height":185,"caption":"Bota Bota"},"image":{"@id":"https:\/\/botabota.ca\/#\/schema\/logo\/image\/"}}]}},"_links":{"self":[{"href":"https:\/\/botabota.ca\/en\/wp-json\/wp\/v2\/pages\/66382"}],"collection":[{"href":"https:\/\/botabota.ca\/en\/wp-json\/wp\/v2\/pages"}],"about":[{"href":"https:\/\/botabota.ca\/en\/wp-json\/wp\/v2\/types\/page"}],"author":[{"embeddable":true,"href":"https:\/\/botabota.ca\/en\/wp-json\/wp\/v2\/users\/43"}],"replies":[{"embeddable":true,"href":"https:\/\/botabota.ca\/en\/wp-json\/wp\/v2\/comments?post=66382"}],"version-history":[{"count":13,"href":"https:\/\/botabota.ca\/en\/wp-json\/wp\/v2\/pages\/66382\/revisions"}],"predecessor-version":[{"id":67340,"href":"https:\/\/botabota.ca\/en\/wp-json\/wp\/v2\/pages\/66382\/revisions\/67340"}],"wp:attachment":[{"href":"https:\/\/botabota.ca\/en\/wp-json\/wp\/v2\/media?parent=66382"}],"curies":[{"name":"wp","href":"https:\/\/api.w.org\/{rel}","templated":true}]}}